{"id":144,"date":"2020-12-07T19:58:22","date_gmt":"2020-12-07T18:58:22","guid":{"rendered":"https:\/\/fermedelabouvrais.herbesfolles.org\/?page_id=144"},"modified":"2024-10-18T22:52:47","modified_gmt":"2024-10-18T20:52:47","slug":"qui-sommes-nous","status":"publish","type":"page","link":"https:\/\/fermedelabouvrais.herbesfolles.org\/?page_id=144","title":{"rendered":"Qui sommes nous ?"},"content":{"rendered":"\n<p class=\"has-drop-cap\">La ferme de la Bouvrais accueille deux ateliers compl\u00e9mentaires : une parcelle de mara\u00eechage cultiv\u00e9e par L\u00e9a et un troupeau de brebis et de deux vaches \u00e9lev\u00e9es par Justin pour faire de la transfo en yaourt et en fromage.<\/p>\n\n\n\n<figure class=\"wp-block-gallery has-nested-images columns-default is-cropped wp-block-gallery-1 is-layout-flex wp-block-gallery-is-layout-flex\">\n<figure class=\"wp-block-image size-large\"><img loading=\"lazy\" decoding=\"async\" width=\"1024\" height=\"683\" data-id=\"657\" src=\"https:\/\/fermedelabouvrais.herbesfolles.org\/wp-content\/uploads\/2024\/01\/22-juillet-2021-DSC02124-1024x683.jpg\" alt=\"\" class=\"wp-image-657\" srcset=\"https:\/\/fermedelabouvrais.herbesfolles.org\/wp-content\/uploads\/2024\/01\/22-juillet-2021-DSC02124-1024x683.jpg 1024w, https:\/\/fermedelabouvrais.herbesfolles.org\/wp-content\/uploads\/2024\/01\/22-juillet-2021-DSC02124-300x200.jpg 300w, https:\/\/fermedelabouvrais.herbesfolles.org\/wp-content\/uploads\/2024\/01\/22-juillet-2021-DSC02124-768x512.jpg 768w, https:\/\/fermedelabouvrais.herbesfolles.org\/wp-content\/uploads\/2024\/01\/22-juillet-2021-DSC02124-1536x1024.jpg 1536w, https:\/\/fermedelabouvrais.herbesfolles.org\/wp-content\/uploads\/2024\/01\/22-juillet-2021-DSC02124-2048x1365.jpg 2048w\" sizes=\"auto, (max-width: 1024px) 100vw, 1024px\" \/><\/figure>\n\n\n\n<figure class=\"wp-block-image size-large\"><img loading=\"lazy\" decoding=\"async\" width=\"683\" height=\"1024\" data-id=\"653\" src=\"https:\/\/fermedelabouvrais.herbesfolles.org\/wp-content\/uploads\/2024\/01\/29-mai-2023-DSC07692-683x1024.jpg\" alt=\"\" class=\"wp-image-653\" srcset=\"https:\/\/fermedelabouvrais.herbesfolles.org\/wp-content\/uploads\/2024\/01\/29-mai-2023-DSC07692-683x1024.jpg 683w, https:\/\/fermedelabouvrais.herbesfolles.org\/wp-content\/uploads\/2024\/01\/29-mai-2023-DSC07692-200x300.jpg 200w, https:\/\/fermedelabouvrais.herbesfolles.org\/wp-content\/uploads\/2024\/01\/29-mai-2023-DSC07692-768x1152.jpg 768w, https:\/\/fermedelabouvrais.herbesfolles.org\/wp-content\/uploads\/2024\/01\/29-mai-2023-DSC07692-1024x1536.jpg 1024w, https:\/\/fermedelabouvrais.herbesfolles.org\/wp-content\/uploads\/2024\/01\/29-mai-2023-DSC07692-1365x2048.jpg 1365w, https:\/\/fermedelabouvrais.herbesfolles.org\/wp-content\/uploads\/2024\/01\/29-mai-2023-DSC07692-scaled.jpg 1707w\" sizes=\"auto, (max-width: 683px) 100vw, 683px\" \/><\/figure>\n\n\n\n<figure class=\"wp-block-image size-large\"><img loading=\"lazy\" decoding=\"async\" width=\"683\" height=\"1024\" data-id=\"660\" src=\"https:\/\/fermedelabouvrais.herbesfolles.org\/wp-content\/uploads\/2024\/01\/24-juillet-2021-DSC02309-683x1024.jpg\" alt=\"\" class=\"wp-image-660\" srcset=\"https:\/\/fermedelabouvrais.herbesfolles.org\/wp-content\/uploads\/2024\/01\/24-juillet-2021-DSC02309-683x1024.jpg 683w, https:\/\/fermedelabouvrais.herbesfolles.org\/wp-content\/uploads\/2024\/01\/24-juillet-2021-DSC02309-200x300.jpg 200w, https:\/\/fermedelabouvrais.herbesfolles.org\/wp-content\/uploads\/2024\/01\/24-juillet-2021-DSC02309-768x1152.jpg 768w, https:\/\/fermedelabouvrais.herbesfolles.org\/wp-content\/uploads\/2024\/01\/24-juillet-2021-DSC02309-1024x1536.jpg 1024w, https:\/\/fermedelabouvrais.herbesfolles.org\/wp-content\/uploads\/2024\/01\/24-juillet-2021-DSC02309-1365x2048.jpg 1365w, https:\/\/fermedelabouvrais.herbesfolles.org\/wp-content\/uploads\/2024\/01\/24-juillet-2021-DSC02309-scaled.jpg 1707w\" sizes=\"auto, (max-width: 683px) 100vw, 683px\" \/><\/figure>\n\n\n\n<figure class=\"wp-block-image size-large\"><img loading=\"lazy\" decoding=\"async\" width=\"1024\" height=\"683\" data-id=\"654\" src=\"https:\/\/fermedelabouvrais.herbesfolles.org\/wp-content\/uploads\/2024\/01\/29-mai-2023-DSC07684-1024x683.jpg\" alt=\"\" class=\"wp-image-654\" srcset=\"https:\/\/fermedelabouvrais.herbesfolles.org\/wp-content\/uploads\/2024\/01\/29-mai-2023-DSC07684-1024x683.jpg 1024w, https:\/\/fermedelabouvrais.herbesfolles.org\/wp-content\/uploads\/2024\/01\/29-mai-2023-DSC07684-300x200.jpg 300w, https:\/\/fermedelabouvrais.herbesfolles.org\/wp-content\/uploads\/2024\/01\/29-mai-2023-DSC07684-768x512.jpg 768w, https:\/\/fermedelabouvrais.herbesfolles.org\/wp-content\/uploads\/2024\/01\/29-mai-2023-DSC07684-1536x1024.jpg 1536w, https:\/\/fermedelabouvrais.herbesfolles.org\/wp-content\/uploads\/2024\/01\/29-mai-2023-DSC07684-2048x1365.jpg 2048w\" sizes=\"auto, (max-width: 1024px) 100vw, 1024px\" \/><\/figure>\n\n\n\n<figure class=\"wp-block-image size-large\"><img loading=\"lazy\" decoding=\"async\" width=\"1024\" height=\"683\" data-id=\"634\" src=\"https:\/\/fermedelabouvrais.herbesfolles.org\/wp-content\/uploads\/2023\/08\/29-mai-2023-DSC07744-1024x683.jpg\" alt=\"\" class=\"wp-image-634\" srcset=\"https:\/\/fermedelabouvrais.herbesfolles.org\/wp-content\/uploads\/2023\/08\/29-mai-2023-DSC07744-1024x683.jpg 1024w, https:\/\/fermedelabouvrais.herbesfolles.org\/wp-content\/uploads\/2023\/08\/29-mai-2023-DSC07744-300x200.jpg 300w, https:\/\/fermedelabouvrais.herbesfolles.org\/wp-content\/uploads\/2023\/08\/29-mai-2023-DSC07744-768x512.jpg 768w, https:\/\/fermedelabouvrais.herbesfolles.org\/wp-content\/uploads\/2023\/08\/29-mai-2023-DSC07744-1536x1024.jpg 1536w, https:\/\/fermedelabouvrais.herbesfolles.org\/wp-content\/uploads\/2023\/08\/29-mai-2023-DSC07744-2048x1365.jpg 2048w\" sizes=\"auto, (max-width: 1024px) 100vw, 1024px\" \/><\/figure>\n\n\n\n<figure class=\"wp-block-image size-large\"><img loading=\"lazy\" decoding=\"async\" width=\"1024\" height=\"683\" data-id=\"656\" src=\"https:\/\/fermedelabouvrais.herbesfolles.org\/wp-content\/uploads\/2024\/01\/22-juillet-2021-DSC02094-1024x683.jpg\" alt=\"\" class=\"wp-image-656\" srcset=\"https:\/\/fermedelabouvrais.herbesfolles.org\/wp-content\/uploads\/2024\/01\/22-juillet-2021-DSC02094-1024x683.jpg 1024w, https:\/\/fermedelabouvrais.herbesfolles.org\/wp-content\/uploads\/2024\/01\/22-juillet-2021-DSC02094-300x200.jpg 300w, https:\/\/fermedelabouvrais.herbesfolles.org\/wp-content\/uploads\/2024\/01\/22-juillet-2021-DSC02094-768x512.jpg 768w, https:\/\/fermedelabouvrais.herbesfolles.org\/wp-content\/uploads\/2024\/01\/22-juillet-2021-DSC02094-1536x1024.jpg 1536w, https:\/\/fermedelabouvrais.herbesfolles.org\/wp-content\/uploads\/2024\/01\/22-juillet-2021-DSC02094-2048x1365.jpg 2048w\" sizes=\"auto, (max-width: 1024px) 100vw, 1024px\" \/><\/figure>\n<\/figure>\n\n\n\n<p>Nous sommes install\u00e9.e.s sur la ferme depuis juin 2020. <\/p>\n\n\n\n<figure class=\"wp-block-image\"><img loading=\"lazy\" decoding=\"async\" width=\"2560\" height=\"1707\" src=\"https:\/\/fermedelabouvrais.herbesfolles.org\/wp-content\/uploads\/2024\/01\/22-juillet-2021-DSC02163-scaled.jpg\" alt=\"\" class=\"wp-image-652\" srcset=\"https:\/\/fermedelabouvrais.herbesfolles.org\/wp-content\/uploads\/2024\/01\/22-juillet-2021-DSC02163-scaled.jpg 2560w, https:\/\/fermedelabouvrais.herbesfolles.org\/wp-content\/uploads\/2024\/01\/22-juillet-2021-DSC02163-300x200.jpg 300w, https:\/\/fermedelabouvrais.herbesfolles.org\/wp-content\/uploads\/2024\/01\/22-juillet-2021-DSC02163-1024x683.jpg 1024w, https:\/\/fermedelabouvrais.herbesfolles.org\/wp-content\/uploads\/2024\/01\/22-juillet-2021-DSC02163-768x512.jpg 768w, https:\/\/fermedelabouvrais.herbesfolles.org\/wp-content\/uploads\/2024\/01\/22-juillet-2021-DSC02163-1536x1024.jpg 1536w, https:\/\/fermedelabouvrais.herbesfolles.org\/wp-content\/uploads\/2024\/01\/22-juillet-2021-DSC02163-2048x1365.jpg 2048w\" sizes=\"auto, (max-width: 2560px) 100vw, 2560px\" \/><\/figure>\n\n\n<div class=\"style-296 style-local-144-c1 position-relative\" data-colibri-id=\"144-c1\">\n<p>.<\/p>\n<p>Nous sommes tomb\u00e9s sous le charme de la Ferme de la Bouvrais, une petite ferme \u00e0 l&rsquo;ancienne de 11.7 hectares avec une long\u00e8re, une petite maison, un hangar et divers petits b\u00e2timents. Les parcelles de la ferme sont constitu\u00e9es d&rsquo;anciennes prairies qui n&rsquo;ont pas \u00e9t\u00e9 cultiv\u00e9es depuis au moins plusieurs d\u00e9cennies hormis pour faire du foin. Les haies ont \u00e9t\u00e9 pr\u00e9serv\u00e9es, et des parcelles de zones humides occupent une partie des terres. Cette ferme accueille une large biodiversit\u00e9 avec laquelle nous faisons en sorte de cohabiter dans nos activit\u00e9s et dans notre quotidien.<\/p>\n<div id=\"initial-content\" class=\"h-section h-section-global-spacing d-flex align-items-lg-center align-items-md-center align-items-center style-297 style-local-144-c2 position-relative\" data-colibri-component=\"section\" data-colibri-id=\"144-c2\">&nbsp;<\/div>\n<\/div>\n\n\n<div class=\"wp-block-group\"><div class=\"wp-block-group__inner-container is-layout-constrained wp-block-group-is-layout-constrained\">\n<div class=\"wp-block-columns is-layout-flex wp-container-core-columns-is-layout-9d6595d7 wp-block-columns-is-layout-flex\">\n<div class=\"wp-block-column is-layout-flow wp-block-column-is-layout-flow\" style=\"flex-basis:100%\">\n<figure class=\"wp-block-gallery aligncenter has-nested-images columns-default is-cropped wp-block-gallery-2 is-layout-flex wp-block-gallery-is-layout-flex\"><div class=\"wp-block-image is-style-default\">\n<figure class=\"aligncenter size-large\"><img loading=\"lazy\" decoding=\"async\" width=\"767\" height=\"1024\" data-id=\"649\" src=\"https:\/\/fermedelabouvrais.herbesfolles.org\/wp-content\/uploads\/2024\/01\/DJI_0069-767x1024.jpg\" alt=\"\" class=\"wp-image-649\" srcset=\"https:\/\/fermedelabouvrais.herbesfolles.org\/wp-content\/uploads\/2024\/01\/DJI_0069-767x1024.jpg 767w, https:\/\/fermedelabouvrais.herbesfolles.org\/wp-content\/uploads\/2024\/01\/DJI_0069-225x300.jpg 225w, https:\/\/fermedelabouvrais.herbesfolles.org\/wp-content\/uploads\/2024\/01\/DJI_0069-768x1025.jpg 768w, https:\/\/fermedelabouvrais.herbesfolles.org\/wp-content\/uploads\/2024\/01\/DJI_0069-1151x1536.jpg 1151w, https:\/\/fermedelabouvrais.herbesfolles.org\/wp-content\/uploads\/2024\/01\/DJI_0069-1535x2048.jpg 1535w, https:\/\/fermedelabouvrais.herbesfolles.org\/wp-content\/uploads\/2024\/01\/DJI_0069-scaled.jpg 1919w\" sizes=\"auto, (max-width: 767px) 100vw, 767px\" \/><figcaption class=\"wp-element-caption\"><em><span class=\"has-inline-color has-cyan-bluish-gray-color\">Les fameux grands ch\u00eanes<\/span><\/em><\/figcaption><\/figure>\n<\/div><\/figure>\n<\/div>\n<\/div>\n<\/div><\/div>\n\n\n\n<p>Nous sommes labellis\u00e9.e.s en Agriculture Biologique. Mais nous nous souhaitons avant et surtout nous d\u00e9crire comme des paysan.ne.s, ce qui implique pour nous de mener une agriculture en lien avec tout le tissu vivant qui l&rsquo;entoure : qu&rsquo;il s&rsquo;agisse de l&rsquo;attention permanente accord\u00e9e au sol, \u00e0 la faune et la flore pr\u00e9sente sur la ferme et dans notre environnement local,&nbsp; \u00e0 la mani\u00e8re dont nous nous occupons de nos animaux et de nos l\u00e9gumes, mais aussi \u00e0 nos liens avec le village et ses habitant.e.s. L&rsquo;agriculture que nous d\u00e9fendons est intrins\u00e8quement politique, elle a pour objectif de contribuer \u00e0 questionner le mod\u00e8le agricole dominant tant dans les pratiques agricoles, que dans le rapport que nous souhaitons entretenir avec celles et ceux qui vivent autour de nous. C&rsquo;est aussi dans cette dynamique que nous avons achet\u00e9 les parcelles de la ferme gr\u00e2ce \u00e0 un GFA solidaire.<\/p>\n\n\n<div class=\"wp-block-image is-style-rounded\">\n<figure class=\"aligncenter size-large\"><img loading=\"lazy\" decoding=\"async\" width=\"1024\" height=\"683\" src=\"https:\/\/fermedelabouvrais.herbesfolles.org\/wp-content\/uploads\/2021\/06\/DSCF0217-1024x683.jpg\" alt=\"\" class=\"wp-image-515\" srcset=\"https:\/\/fermedelabouvrais.herbesfolles.org\/wp-content\/uploads\/2021\/06\/DSCF0217-1024x683.jpg 1024w, https:\/\/fermedelabouvrais.herbesfolles.org\/wp-content\/uploads\/2021\/06\/DSCF0217-300x200.jpg 300w, https:\/\/fermedelabouvrais.herbesfolles.org\/wp-content\/uploads\/2021\/06\/DSCF0217-768x512.jpg 768w, https:\/\/fermedelabouvrais.herbesfolles.org\/wp-content\/uploads\/2021\/06\/DSCF0217-1536x1024.jpg 1536w, https:\/\/fermedelabouvrais.herbesfolles.org\/wp-content\/uploads\/2021\/06\/DSCF0217-2048x1365.jpg 2048w\" sizes=\"auto, (max-width: 1024px) 100vw, 1024px\" \/><figcaption class=\"wp-element-caption\"><em><span class=\"has-inline-color has-cyan-bluish-gray-color\">Depuis le pied du grand poirier, vue sur les prairies<\/span><\/em><\/figcaption><\/figure>\n<\/div>\n\n\n<figure class=\"wp-block-image size-large\"><img loading=\"lazy\" decoding=\"async\" width=\"1024\" height=\"683\" src=\"https:\/\/fermedelabouvrais.herbesfolles.org\/wp-content\/uploads\/2024\/10\/DSCF8711-1024x683.jpg\" alt=\"\" class=\"wp-image-717\" srcset=\"https:\/\/fermedelabouvrais.herbesfolles.org\/wp-content\/uploads\/2024\/10\/DSCF8711-1024x683.jpg 1024w, https:\/\/fermedelabouvrais.herbesfolles.org\/wp-content\/uploads\/2024\/10\/DSCF8711-300x200.jpg 300w, https:\/\/fermedelabouvrais.herbesfolles.org\/wp-content\/uploads\/2024\/10\/DSCF8711-768x512.jpg 768w, https:\/\/fermedelabouvrais.herbesfolles.org\/wp-content\/uploads\/2024\/10\/DSCF8711-1536x1024.jpg 1536w, https:\/\/fermedelabouvrais.herbesfolles.org\/wp-content\/uploads\/2024\/10\/DSCF8711-2048x1365.jpg 2048w\" sizes=\"auto, (max-width: 1024px) 100vw, 1024px\" \/><\/figure>\n\n\n\n<p><\/p>\n\n\n\n<p><\/p>\n","protected":false},"excerpt":{"rendered":"<p>La ferme de la Bouvrais accueille deux ateliers compl\u00e9mentaires : une parcelle de mara\u00eechage cultiv\u00e9e par L\u00e9a et un troupeau de brebis et de deux vaches \u00e9lev\u00e9es par Justin pour faire de la transfo en yaourt et en fromage. Nous sommes install\u00e9.e.s sur la ferme &hellip; <\/p>\n","protected":false},"author":1,"featured_media":647,"parent":0,"menu_order":0,"comment_status":"closed","ping_status":"closed","template":"","meta":{"footnotes":""},"class_list":["post-144","page","type-page","status-publish","has-post-thumbnail","hentry"],"_links":{"self":[{"href":"https:\/\/fermedelabouvrais.herbesfolles.org\/index.php?rest_route=\/wp\/v2\/pages\/144","targetHints":{"allow":["GET"]}}],"collection":[{"href":"https:\/\/fermedelabouvrais.herbesfolles.org\/index.php?rest_route=\/wp\/v2\/pages"}],"about":[{"href":"https:\/\/fermedelabouvrais.herbesfolles.org\/index.php?rest_route=\/wp\/v2\/types\/page"}],"author":[{"embeddable":true,"href":"https:\/\/fermedelabouvrais.herbesfolles.org\/index.php?rest_route=\/wp\/v2\/users\/1"}],"replies":[{"embeddable":true,"href":"https:\/\/fermedelabouvrais.herbesfolles.org\/index.php?rest_route=%2Fwp%2Fv2%2Fcomments&post=144"}],"version-history":[{"count":16,"href":"https:\/\/fermedelabouvrais.herbesfolles.org\/index.php?rest_route=\/wp\/v2\/pages\/144\/revisions"}],"predecessor-version":[{"id":718,"href":"https:\/\/fermedelabouvrais.herbesfolles.org\/index.php?rest_route=\/wp\/v2\/pages\/144\/revisions\/718"}],"wp:featuredmedia":[{"embeddable":true,"href":"https:\/\/fermedelabouvrais.herbesfolles.org\/index.php?rest_route=\/wp\/v2\/media\/647"}],"wp:attachment":[{"href":"https:\/\/fermedelabouvrais.herbesfolles.org\/index.php?rest_route=%2Fwp%2Fv2%2Fmedia&parent=144"}],"curies":[{"name":"wp","href":"https:\/\/api.w.org\/{rel}","templated":true}]}}