{"id":146,"date":"2020-12-07T19:58:22","date_gmt":"2020-12-07T18:58:22","guid":{"rendered":"https:\/\/fermedelabouvrais.herbesfolles.org\/?page_id=146"},"modified":"2024-02-09T19:53:43","modified_gmt":"2024-02-09T18:53:43","slug":"nos-productions","status":"publish","type":"page","link":"https:\/\/fermedelabouvrais.herbesfolles.org\/?page_id=146","title":{"rendered":"Les plants de l\u00e9gumes et d&rsquo;aromatiques"},"content":{"rendered":"\n<p>Pour la saison 2023 voici la liste de nos plants:<\/p>\n\n\n\n<figure class=\"wp-block-image size-large\"><img loading=\"lazy\" decoding=\"async\" width=\"724\" height=\"1024\" src=\"https:\/\/fermedelabouvrais.herbesfolles.org\/wp-content\/uploads\/2023\/04\/plants1-2023-724x1024.jpg\" alt=\"\" class=\"wp-image-618\" srcset=\"https:\/\/fermedelabouvrais.herbesfolles.org\/wp-content\/uploads\/2023\/04\/plants1-2023-724x1024.jpg 724w, https:\/\/fermedelabouvrais.herbesfolles.org\/wp-content\/uploads\/2023\/04\/plants1-2023-212x300.jpg 212w, https:\/\/fermedelabouvrais.herbesfolles.org\/wp-content\/uploads\/2023\/04\/plants1-2023-768x1087.jpg 768w, https:\/\/fermedelabouvrais.herbesfolles.org\/wp-content\/uploads\/2023\/04\/plants1-2023.jpg 826w\" sizes=\"auto, (max-width: 724px) 100vw, 724px\" \/><\/figure>\n\n\n\n<figure class=\"wp-block-gallery has-nested-images columns-default is-cropped wp-block-gallery-1 is-layout-flex wp-block-gallery-is-layout-flex\">\n<figure class=\"wp-block-image size-large\"><img loading=\"lazy\" decoding=\"async\" width=\"724\" height=\"1024\" data-id=\"619\" src=\"https:\/\/fermedelabouvrais.herbesfolles.org\/wp-content\/uploads\/2023\/04\/plants2-2023-724x1024.jpg\" alt=\"\" class=\"wp-image-619\" srcset=\"https:\/\/fermedelabouvrais.herbesfolles.org\/wp-content\/uploads\/2023\/04\/plants2-2023-724x1024.jpg 724w, https:\/\/fermedelabouvrais.herbesfolles.org\/wp-content\/uploads\/2023\/04\/plants2-2023-212x300.jpg 212w, https:\/\/fermedelabouvrais.herbesfolles.org\/wp-content\/uploads\/2023\/04\/plants2-2023-768x1087.jpg 768w, https:\/\/fermedelabouvrais.herbesfolles.org\/wp-content\/uploads\/2023\/04\/plants2-2023.jpg 826w\" sizes=\"auto, (max-width: 724px) 100vw, 724px\" \/><\/figure>\n<\/figure>\n\n\n\n<p>Rendez-vous le 1er Mai au <a href=\"https:\/\/www.facebook.com\/events\/610218547813234\" data-type=\"URL\" data-id=\"https:\/\/www.facebook.com\/events\/610218547813234\" target=\"_blank\" rel=\"noreferrer noopener\">march\u00e9 du terroir et de l&rsquo;artisanat<\/a><\/p>\n\n\n\n<figure class=\"wp-block-gallery has-nested-images columns-default is-cropped wp-block-gallery-2 is-layout-flex wp-block-gallery-is-layout-flex\">\n<figure class=\"wp-block-image size-large\"><img loading=\"lazy\" decoding=\"async\" width=\"1024\" height=\"768\" data-id=\"271\" src=\"https:\/\/fermedelabouvrais.herbesfolles.org\/wp-content\/uploads\/2021\/02\/P1090100-1-1024x768.jpg\" alt=\"\" class=\"wp-image-271\" srcset=\"https:\/\/fermedelabouvrais.herbesfolles.org\/wp-content\/uploads\/2021\/02\/P1090100-1-1024x768.jpg 1024w, https:\/\/fermedelabouvrais.herbesfolles.org\/wp-content\/uploads\/2021\/02\/P1090100-1-300x225.jpg 300w, https:\/\/fermedelabouvrais.herbesfolles.org\/wp-content\/uploads\/2021\/02\/P1090100-1-768x576.jpg 768w, https:\/\/fermedelabouvrais.herbesfolles.org\/wp-content\/uploads\/2021\/02\/P1090100-1-1536x1152.jpg 1536w, https:\/\/fermedelabouvrais.herbesfolles.org\/wp-content\/uploads\/2021\/02\/P1090100-1.jpg 2048w\" sizes=\"auto, (max-width: 1024px) 100vw, 1024px\" \/><\/figure>\n\n\n\n<figure class=\"wp-block-image size-large\"><img loading=\"lazy\" decoding=\"async\" width=\"1024\" height=\"768\" data-id=\"273\" src=\"https:\/\/fermedelabouvrais.herbesfolles.org\/wp-content\/uploads\/2021\/02\/P1090104-1024x768.jpg\" alt=\"\" class=\"wp-image-273\" srcset=\"https:\/\/fermedelabouvrais.herbesfolles.org\/wp-content\/uploads\/2021\/02\/P1090104-1024x768.jpg 1024w, https:\/\/fermedelabouvrais.herbesfolles.org\/wp-content\/uploads\/2021\/02\/P1090104-300x225.jpg 300w, https:\/\/fermedelabouvrais.herbesfolles.org\/wp-content\/uploads\/2021\/02\/P1090104-768x576.jpg 768w, https:\/\/fermedelabouvrais.herbesfolles.org\/wp-content\/uploads\/2021\/02\/P1090104-1536x1152.jpg 1536w, https:\/\/fermedelabouvrais.herbesfolles.org\/wp-content\/uploads\/2021\/02\/P1090104.jpg 2048w\" sizes=\"auto, (max-width: 1024px) 100vw, 1024px\" \/><\/figure>\n\n\n\n<figure class=\"wp-block-image size-large\"><img loading=\"lazy\" decoding=\"async\" width=\"1024\" height=\"683\" data-id=\"325\" src=\"https:\/\/fermedelabouvrais.herbesfolles.org\/wp-content\/uploads\/2021\/03\/IMG_2257-1024x683.jpg\" alt=\"\" class=\"wp-image-325\" srcset=\"https:\/\/fermedelabouvrais.herbesfolles.org\/wp-content\/uploads\/2021\/03\/IMG_2257-1024x683.jpg 1024w, https:\/\/fermedelabouvrais.herbesfolles.org\/wp-content\/uploads\/2021\/03\/IMG_2257-300x200.jpg 300w, https:\/\/fermedelabouvrais.herbesfolles.org\/wp-content\/uploads\/2021\/03\/IMG_2257-768x512.jpg 768w, https:\/\/fermedelabouvrais.herbesfolles.org\/wp-content\/uploads\/2021\/03\/IMG_2257-1536x1024.jpg 1536w, https:\/\/fermedelabouvrais.herbesfolles.org\/wp-content\/uploads\/2021\/03\/IMG_2257-2048x1365.jpg 2048w\" sizes=\"auto, (max-width: 1024px) 100vw, 1024px\" \/><\/figure>\n\n\n\n<figure class=\"wp-block-image size-large\"><img loading=\"lazy\" decoding=\"async\" width=\"1024\" height=\"683\" data-id=\"371\" src=\"https:\/\/fermedelabouvrais.herbesfolles.org\/wp-content\/uploads\/2021\/04\/DSCF3313-1-1024x683.jpg\" alt=\"\" class=\"wp-image-371\" srcset=\"https:\/\/fermedelabouvrais.herbesfolles.org\/wp-content\/uploads\/2021\/04\/DSCF3313-1-1024x683.jpg 1024w, https:\/\/fermedelabouvrais.herbesfolles.org\/wp-content\/uploads\/2021\/04\/DSCF3313-1-300x200.jpg 300w, https:\/\/fermedelabouvrais.herbesfolles.org\/wp-content\/uploads\/2021\/04\/DSCF3313-1-768x512.jpg 768w, https:\/\/fermedelabouvrais.herbesfolles.org\/wp-content\/uploads\/2021\/04\/DSCF3313-1-1536x1024.jpg 1536w, https:\/\/fermedelabouvrais.herbesfolles.org\/wp-content\/uploads\/2021\/04\/DSCF3313-1-2048x1365.jpg 2048w\" sizes=\"auto, (max-width: 1024px) 100vw, 1024px\" \/><\/figure>\n<\/figure>\n\n\n\n<figure class=\"wp-block-gallery has-nested-images columns-default is-cropped wp-block-gallery-3 is-layout-flex wp-block-gallery-is-layout-flex\">\n<figure class=\"wp-block-image size-large\"><img loading=\"lazy\" decoding=\"async\" width=\"1024\" height=\"683\" data-id=\"406\" src=\"https:\/\/fermedelabouvrais.herbesfolles.org\/wp-content\/uploads\/2021\/04\/IMG_2399-1-1024x683.jpg\" alt=\"\" class=\"wp-image-406\" srcset=\"https:\/\/fermedelabouvrais.herbesfolles.org\/wp-content\/uploads\/2021\/04\/IMG_2399-1-1024x683.jpg 1024w, https:\/\/fermedelabouvrais.herbesfolles.org\/wp-content\/uploads\/2021\/04\/IMG_2399-1-300x200.jpg 300w, https:\/\/fermedelabouvrais.herbesfolles.org\/wp-content\/uploads\/2021\/04\/IMG_2399-1-768x512.jpg 768w, https:\/\/fermedelabouvrais.herbesfolles.org\/wp-content\/uploads\/2021\/04\/IMG_2399-1-1536x1024.jpg 1536w, https:\/\/fermedelabouvrais.herbesfolles.org\/wp-content\/uploads\/2021\/04\/IMG_2399-1-2048x1365.jpg 2048w\" sizes=\"auto, (max-width: 1024px) 100vw, 1024px\" \/><figcaption class=\"wp-element-caption\">La vente \u00e0 la ferme, \u00e0 la Bouvrais le mardi soir \u00e0 partir de 17h<\/figcaption><\/figure>\n<\/figure>\n\n\n\n<p>Les premiers semis sont effectu\u00e9s en serre non chauff\u00e9e \u00e0 la fin du mois de f\u00e9vrier. Pour faire germer les l\u00e9gumes d&rsquo;\u00e9t\u00e9 alors qu&rsquo;il fait encore froid nous utilisons une couche chaude de fumier de cheval. Dans le choix de nos vari\u00e9t\u00e9s et notre mani\u00e8re de travailler, ce qui est recherch\u00e9 c\u2019est la rusticit\u00e9 des plantes.<\/p>\n\n\n\n<p><\/p>\n\n\n\n<p><\/p>\n\n\n\n<figure class=\"wp-block-image size-large\"><img loading=\"lazy\" decoding=\"async\" width=\"1024\" height=\"683\" src=\"https:\/\/fermedelabouvrais.herbesfolles.org\/wp-content\/uploads\/2022\/04\/IMG_3053-1024x683.jpg\" alt=\"\" class=\"wp-image-586\" srcset=\"https:\/\/fermedelabouvrais.herbesfolles.org\/wp-content\/uploads\/2022\/04\/IMG_3053-1024x683.jpg 1024w, https:\/\/fermedelabouvrais.herbesfolles.org\/wp-content\/uploads\/2022\/04\/IMG_3053-300x200.jpg 300w, https:\/\/fermedelabouvrais.herbesfolles.org\/wp-content\/uploads\/2022\/04\/IMG_3053-768x512.jpg 768w, https:\/\/fermedelabouvrais.herbesfolles.org\/wp-content\/uploads\/2022\/04\/IMG_3053-1536x1024.jpg 1536w, https:\/\/fermedelabouvrais.herbesfolles.org\/wp-content\/uploads\/2022\/04\/IMG_3053-2048x1365.jpg 2048w\" sizes=\"auto, (max-width: 1024px) 100vw, 1024px\" \/><figcaption class=\"wp-element-caption\">une s\u00e9lection de tomates pour la semence<\/figcaption><\/figure>\n\n\n\n<p><\/p>\n\n\n\n<figure class=\"wp-block-gallery has-nested-images columns-default is-cropped wp-block-gallery-4 is-layout-flex wp-block-gallery-is-layout-flex\">\n<figure class=\"wp-block-image size-large\"><img loading=\"lazy\" decoding=\"async\" width=\"1024\" height=\"683\" data-id=\"363\" src=\"https:\/\/fermedelabouvrais.herbesfolles.org\/wp-content\/uploads\/2021\/04\/DSCF3311-1024x683.jpg\" alt=\"\" class=\"wp-image-363\" srcset=\"https:\/\/fermedelabouvrais.herbesfolles.org\/wp-content\/uploads\/2021\/04\/DSCF3311-1024x683.jpg 1024w, https:\/\/fermedelabouvrais.herbesfolles.org\/wp-content\/uploads\/2021\/04\/DSCF3311-300x200.jpg 300w, https:\/\/fermedelabouvrais.herbesfolles.org\/wp-content\/uploads\/2021\/04\/DSCF3311-768x512.jpg 768w, https:\/\/fermedelabouvrais.herbesfolles.org\/wp-content\/uploads\/2021\/04\/DSCF3311-1536x1024.jpg 1536w, https:\/\/fermedelabouvrais.herbesfolles.org\/wp-content\/uploads\/2021\/04\/DSCF3311-2048x1365.jpg 2048w\" sizes=\"auto, (max-width: 1024px) 100vw, 1024px\" \/><figcaption class=\"wp-element-caption\">la profusion<\/figcaption><\/figure>\n\n\n\n<figure class=\"wp-block-image size-large\"><img loading=\"lazy\" decoding=\"async\" width=\"1024\" height=\"683\" data-id=\"370\" src=\"https:\/\/fermedelabouvrais.herbesfolles.org\/wp-content\/uploads\/2021\/04\/DSCF3304-1-1024x683.jpg\" alt=\"\" class=\"wp-image-370\" srcset=\"https:\/\/fermedelabouvrais.herbesfolles.org\/wp-content\/uploads\/2021\/04\/DSCF3304-1-1024x683.jpg 1024w, https:\/\/fermedelabouvrais.herbesfolles.org\/wp-content\/uploads\/2021\/04\/DSCF3304-1-300x200.jpg 300w, https:\/\/fermedelabouvrais.herbesfolles.org\/wp-content\/uploads\/2021\/04\/DSCF3304-1-768x512.jpg 768w, https:\/\/fermedelabouvrais.herbesfolles.org\/wp-content\/uploads\/2021\/04\/DSCF3304-1-1536x1024.jpg 1536w, https:\/\/fermedelabouvrais.herbesfolles.org\/wp-content\/uploads\/2021\/04\/DSCF3304-1-2048x1365.jpg 2048w\" sizes=\"auto, (max-width: 1024px) 100vw, 1024px\" \/><figcaption class=\"wp-element-caption\">jeunes Physalis<\/figcaption><\/figure>\n\n\n\n<figure class=\"wp-block-image size-large\"><img loading=\"lazy\" decoding=\"async\" width=\"1024\" height=\"683\" data-id=\"366\" src=\"https:\/\/fermedelabouvrais.herbesfolles.org\/wp-content\/uploads\/2021\/04\/DSCF3309-1024x683.jpg\" alt=\"\" class=\"wp-image-366\" srcset=\"https:\/\/fermedelabouvrais.herbesfolles.org\/wp-content\/uploads\/2021\/04\/DSCF3309-1024x683.jpg 1024w, https:\/\/fermedelabouvrais.herbesfolles.org\/wp-content\/uploads\/2021\/04\/DSCF3309-300x200.jpg 300w, https:\/\/fermedelabouvrais.herbesfolles.org\/wp-content\/uploads\/2021\/04\/DSCF3309-768x512.jpg 768w, https:\/\/fermedelabouvrais.herbesfolles.org\/wp-content\/uploads\/2021\/04\/DSCF3309-1536x1024.jpg 1536w, https:\/\/fermedelabouvrais.herbesfolles.org\/wp-content\/uploads\/2021\/04\/DSCF3309-2048x1365.jpg 2048w\" sizes=\"auto, (max-width: 1024px) 100vw, 1024px\" \/><figcaption class=\"wp-element-caption\">tomates apr\u00e8s repiquage<\/figcaption><\/figure>\n\n\n\n<figure class=\"wp-block-image size-large\"><img loading=\"lazy\" decoding=\"async\" width=\"1024\" height=\"683\" data-id=\"424\" src=\"https:\/\/fermedelabouvrais.herbesfolles.org\/wp-content\/uploads\/2021\/04\/IMG_2299-1024x683.jpg\" alt=\"\" class=\"wp-image-424\" srcset=\"https:\/\/fermedelabouvrais.herbesfolles.org\/wp-content\/uploads\/2021\/04\/IMG_2299-1024x683.jpg 1024w, https:\/\/fermedelabouvrais.herbesfolles.org\/wp-content\/uploads\/2021\/04\/IMG_2299-300x200.jpg 300w, https:\/\/fermedelabouvrais.herbesfolles.org\/wp-content\/uploads\/2021\/04\/IMG_2299-768x512.jpg 768w, https:\/\/fermedelabouvrais.herbesfolles.org\/wp-content\/uploads\/2021\/04\/IMG_2299-1536x1024.jpg 1536w, https:\/\/fermedelabouvrais.herbesfolles.org\/wp-content\/uploads\/2021\/04\/IMG_2299-2048x1365.jpg 2048w\" sizes=\"auto, (max-width: 1024px) 100vw, 1024px\" \/><figcaption class=\"wp-element-caption\">A Paimpont<\/figcaption><\/figure>\n\n\n\n<figure class=\"wp-block-image size-large\"><img loading=\"lazy\" decoding=\"async\" width=\"1024\" height=\"683\" data-id=\"426\" src=\"https:\/\/fermedelabouvrais.herbesfolles.org\/wp-content\/uploads\/2021\/04\/IMG_2397-1-1024x683.jpg\" alt=\"\" class=\"wp-image-426\" srcset=\"https:\/\/fermedelabouvrais.herbesfolles.org\/wp-content\/uploads\/2021\/04\/IMG_2397-1-1024x683.jpg 1024w, https:\/\/fermedelabouvrais.herbesfolles.org\/wp-content\/uploads\/2021\/04\/IMG_2397-1-300x200.jpg 300w, https:\/\/fermedelabouvrais.herbesfolles.org\/wp-content\/uploads\/2021\/04\/IMG_2397-1-768x512.jpg 768w, https:\/\/fermedelabouvrais.herbesfolles.org\/wp-content\/uploads\/2021\/04\/IMG_2397-1-1536x1024.jpg 1536w, https:\/\/fermedelabouvrais.herbesfolles.org\/wp-content\/uploads\/2021\/04\/IMG_2397-1-2048x1365.jpg 2048w\" sizes=\"auto, (max-width: 1024px) 100vw, 1024px\" \/><figcaption class=\"wp-element-caption\">le samedi apr\u00e8s midi<\/figcaption><\/figure>\n<\/figure>\n\n\n\n<figure class=\"wp-block-gallery has-nested-images columns-default is-cropped wp-block-gallery-5 is-layout-flex wp-block-gallery-is-layout-flex\">\n<figure class=\"wp-block-image size-large\"><img loading=\"lazy\" decoding=\"async\" width=\"1024\" height=\"683\" data-id=\"403\" src=\"https:\/\/fermedelabouvrais.herbesfolles.org\/wp-content\/uploads\/2021\/04\/IMG_2351-1024x683.jpg\" alt=\"\" class=\"wp-image-403\" srcset=\"https:\/\/fermedelabouvrais.herbesfolles.org\/wp-content\/uploads\/2021\/04\/IMG_2351-1024x683.jpg 1024w, https:\/\/fermedelabouvrais.herbesfolles.org\/wp-content\/uploads\/2021\/04\/IMG_2351-300x200.jpg 300w, https:\/\/fermedelabouvrais.herbesfolles.org\/wp-content\/uploads\/2021\/04\/IMG_2351-768x512.jpg 768w, https:\/\/fermedelabouvrais.herbesfolles.org\/wp-content\/uploads\/2021\/04\/IMG_2351-1536x1024.jpg 1536w, https:\/\/fermedelabouvrais.herbesfolles.org\/wp-content\/uploads\/2021\/04\/IMG_2351-2048x1365.jpg 2048w\" sizes=\"auto, (max-width: 1024px) 100vw, 1024px\" \/><figcaption class=\"wp-element-caption\">\u00e7a pousse sans limite!<\/figcaption><\/figure>\n<\/figure>\n\n\n\n<figure class=\"wp-block-gallery has-nested-images columns-default is-cropped wp-block-gallery-6 is-layout-flex wp-block-gallery-is-layout-flex\">\n<figure class=\"wp-block-image size-large\"><img loading=\"lazy\" decoding=\"async\" width=\"1024\" height=\"683\" data-id=\"377\" src=\"https:\/\/fermedelabouvrais.herbesfolles.org\/wp-content\/uploads\/2021\/04\/DSCF3313-3-1024x683.jpg\" alt=\"\" class=\"wp-image-377\" srcset=\"https:\/\/fermedelabouvrais.herbesfolles.org\/wp-content\/uploads\/2021\/04\/DSCF3313-3-1024x683.jpg 1024w, https:\/\/fermedelabouvrais.herbesfolles.org\/wp-content\/uploads\/2021\/04\/DSCF3313-3-300x200.jpg 300w, https:\/\/fermedelabouvrais.herbesfolles.org\/wp-content\/uploads\/2021\/04\/DSCF3313-3-768x512.jpg 768w, https:\/\/fermedelabouvrais.herbesfolles.org\/wp-content\/uploads\/2021\/04\/DSCF3313-3-1536x1024.jpg 1536w, https:\/\/fermedelabouvrais.herbesfolles.org\/wp-content\/uploads\/2021\/04\/DSCF3313-3-2048x1365.jpg 2048w\" sizes=\"auto, (max-width: 1024px) 100vw, 1024px\" \/><figcaption class=\"wp-element-caption\">le vert tendre du jeune basilic<\/figcaption><\/figure>\n\n\n\n<figure class=\"wp-block-image size-large\"><img loading=\"lazy\" decoding=\"async\" width=\"1024\" height=\"683\" data-id=\"368\" src=\"https:\/\/fermedelabouvrais.herbesfolles.org\/wp-content\/uploads\/2021\/04\/DSCF3319-1-1024x683.jpg\" alt=\"\" class=\"wp-image-368\" srcset=\"https:\/\/fermedelabouvrais.herbesfolles.org\/wp-content\/uploads\/2021\/04\/DSCF3319-1-1024x683.jpg 1024w, https:\/\/fermedelabouvrais.herbesfolles.org\/wp-content\/uploads\/2021\/04\/DSCF3319-1-300x200.jpg 300w, https:\/\/fermedelabouvrais.herbesfolles.org\/wp-content\/uploads\/2021\/04\/DSCF3319-1-768x512.jpg 768w, https:\/\/fermedelabouvrais.herbesfolles.org\/wp-content\/uploads\/2021\/04\/DSCF3319-1-1536x1024.jpg 1536w, https:\/\/fermedelabouvrais.herbesfolles.org\/wp-content\/uploads\/2021\/04\/DSCF3319-1-2048x1365.jpg 2048w\" sizes=\"auto, (max-width: 1024px) 100vw, 1024px\" \/><\/figure>\n<\/figure>\n\n\n\n<p><\/p>\n\n\n\n<p><\/p>\n\n\n\n<p><\/p>\n","protected":false},"excerpt":{"rendered":"<p>Pour la saison 2023 voici la liste de nos plants: Rendez-vous le 1er Mai au march\u00e9 du terroir et de l&rsquo;artisanat Les premiers semis sont effectu\u00e9s en serre non chauff\u00e9e \u00e0 la fin du mois de f\u00e9vrier. Pour faire germer les l\u00e9gumes d&rsquo;\u00e9t\u00e9 alors qu&rsquo;il &hellip; <\/p>\n","protected":false},"author":1,"featured_media":275,"parent":0,"menu_order":0,"comment_status":"closed","ping_status":"closed","template":"","meta":{"footnotes":""},"class_list":["post-146","page","type-page","status-publish","has-post-thumbnail","hentry"],"_links":{"self":[{"href":"https:\/\/fermedelabouvrais.herbesfolles.org\/index.php?rest_route=\/wp\/v2\/pages\/146","targetHints":{"allow":["GET"]}}],"collection":[{"href":"https:\/\/fermedelabouvrais.herbesfolles.org\/index.php?rest_route=\/wp\/v2\/pages"}],"about":[{"href":"https:\/\/fermedelabouvrais.herbesfolles.org\/index.php?rest_route=\/wp\/v2\/types\/page"}],"author":[{"embeddable":true,"href":"https:\/\/fermedelabouvrais.herbesfolles.org\/index.php?rest_route=\/wp\/v2\/users\/1"}],"replies":[{"embeddable":true,"href":"https:\/\/fermedelabouvrais.herbesfolles.org\/index.php?rest_route=%2Fwp%2Fv2%2Fcomments&post=146"}],"version-history":[{"count":27,"href":"https:\/\/fermedelabouvrais.herbesfolles.org\/index.php?rest_route=\/wp\/v2\/pages\/146\/revisions"}],"predecessor-version":[{"id":691,"href":"https:\/\/fermedelabouvrais.herbesfolles.org\/index.php?rest_route=\/wp\/v2\/pages\/146\/revisions\/691"}],"wp:featuredmedia":[{"embeddable":true,"href":"https:\/\/fermedelabouvrais.herbesfolles.org\/index.php?rest_route=\/wp\/v2\/media\/275"}],"wp:attachment":[{"href":"https:\/\/fermedelabouvrais.herbesfolles.org\/index.php?rest_route=%2Fwp%2Fv2%2Fmedia&parent=146"}],"curies":[{"name":"wp","href":"https:\/\/api.w.org\/{rel}","templated":true}]}}