{"id":147,"date":"2020-12-07T19:58:22","date_gmt":"2020-12-07T18:58:22","guid":{"rendered":"https:\/\/fermedelabouvrais.herbesfolles.org\/?page_id=147"},"modified":"2024-10-18T22:14:41","modified_gmt":"2024-10-18T20:14:41","slug":"evenements","status":"publish","type":"page","link":"https:\/\/fermedelabouvrais.herbesfolles.org\/?page_id=147","title":{"rendered":"Ev\u00e8nements"},"content":{"rendered":"\n<p class=\"has-medium-font-size\"><strong>16 Novembre 2024 F\u00eate \u00e0 la Bouvrais <\/strong><\/p>\n\n\n\n<p class=\"has-medium-font-size\"><strong>16 Juillet 2024, Soir\u00e9e cont\u00e9e des Assembl\u00e9es Gal\u00e8zes<\/strong><\/p>\n\n\n\n<p>La Ferme de la Bouvrais accueille les assembl\u00e9es Gal\u00e8ze et la soir\u00e9e cont\u00e9e avec Marie Chifmine<\/p>\n\n\n\n<figure class=\"wp-block-image size-large\"><img loading=\"lazy\" decoding=\"async\" width=\"1024\" height=\"768\" src=\"https:\/\/fermedelabouvrais.herbesfolles.org\/wp-content\/uploads\/2024\/10\/451704607_1013441620574914_7080080371905666692_n-1024x768.jpg\" alt=\"\" class=\"wp-image-707\" srcset=\"https:\/\/fermedelabouvrais.herbesfolles.org\/wp-content\/uploads\/2024\/10\/451704607_1013441620574914_7080080371905666692_n-1024x768.jpg 1024w, https:\/\/fermedelabouvrais.herbesfolles.org\/wp-content\/uploads\/2024\/10\/451704607_1013441620574914_7080080371905666692_n-300x225.jpg 300w, https:\/\/fermedelabouvrais.herbesfolles.org\/wp-content\/uploads\/2024\/10\/451704607_1013441620574914_7080080371905666692_n-768x576.jpg 768w, https:\/\/fermedelabouvrais.herbesfolles.org\/wp-content\/uploads\/2024\/10\/451704607_1013441620574914_7080080371905666692_n-1536x1152.jpg 1536w, https:\/\/fermedelabouvrais.herbesfolles.org\/wp-content\/uploads\/2024\/10\/451704607_1013441620574914_7080080371905666692_n.jpg 2048w\" sizes=\"auto, (max-width: 1024px) 100vw, 1024px\" \/><\/figure>\n\n\n\n<h2 class=\"wp-block-heading\">9 juillet 2021, SOIREE ZAPATISTE A LA BOUVRAIS<\/h2>\n\n\n\n<p>\u00c0&nbsp;l&rsquo;occasion&nbsp;de&nbsp;l&rsquo;arriv\u00e9e&nbsp;des&nbsp;zapatistes&nbsp;sur&nbsp;le&nbsp;territoire&nbsp;europ\u00e9en,<br>\u00e0&nbsp;l&rsquo;occasion&nbsp;de&nbsp;la&nbsp;distribution&nbsp;de&nbsp;caf\u00e9,&nbsp;\u00e0&nbsp;l&rsquo;occasion&nbsp;de<br>rencontres&#8230;&nbsp;Nous&nbsp;vous&nbsp;invitons&nbsp;\u00e0&nbsp;une&nbsp;soir\u00e9e&nbsp;autour&nbsp;du&nbsp;mouvement<br>zapatiste&nbsp;le&nbsp;vendredi&nbsp;9&nbsp;juillet&nbsp;\u00e0&nbsp;la&nbsp;ferme&nbsp;de&nbsp;la&nbsp;Bouvrais,&nbsp;\u00e0&nbsp;Concoret.<br><br>Il&nbsp;y&nbsp;aura&nbsp;de&nbsp;18h&nbsp;\u00e0&nbsp;20h&nbsp;:<br><br>&nbsp;&nbsp;&nbsp;&nbsp;* <em>LA&nbsp;distribution&nbsp;de&nbsp;caf\u00e9&nbsp;:&nbsp;<\/em>rapportez&nbsp;vos&nbsp;bo\u00eetes&nbsp;vides,&nbsp;nous&nbsp;ne&nbsp;faisons<br>pas&nbsp;de&nbsp;vente&nbsp;mais&nbsp;pour&nbsp;ceux&nbsp;qui&nbsp;ne&nbsp;connaissent&nbsp;pas&nbsp;encore,&nbsp;ce&nbsp;sera<br>l&rsquo;occasion&nbsp;de&nbsp;d\u00e9couvrir&nbsp;notre&nbsp;syst\u00e8me&nbsp;\u00ab&nbsp;anti-syst\u00e8me&nbsp;\u00bb&nbsp;!<br>&nbsp;&nbsp;&nbsp;&nbsp;* De&nbsp;la&nbsp;lecture&nbsp;et&nbsp;des&nbsp;\u00e9coutes&nbsp;seront&nbsp;\u00e0&nbsp;disposition&nbsp;pour&nbsp;se&nbsp;renseigner<br>sur&nbsp;le&nbsp;mouvement<br>&nbsp;&nbsp;&nbsp;&nbsp;* Une&nbsp;buvette&nbsp;et&nbsp;une&nbsp;petite&nbsp;restauration.&nbsp;Apportez&nbsp;aussi&nbsp;de&nbsp;quoi<br>grignoter!<br><br>Suivi&nbsp;\u00e0&nbsp;20h&nbsp;de&nbsp;:<br><br>&nbsp;&nbsp;&nbsp;&nbsp;*projections&nbsp;de&nbsp;courts-m\u00e9trages&nbsp;(en&nbsp;VOE&nbsp;sous-titr\u00e9s&nbsp;fran\u00e7ais&nbsp;ou&nbsp;VF).<br>Voici&nbsp;d\u00e9j\u00e0&nbsp;un&nbsp;lien&nbsp;pour&nbsp;vous&nbsp;faire&nbsp;une&nbsp;premi\u00e8re&nbsp;id\u00e9e&nbsp;du&nbsp;mouvement&nbsp;:<br>Le&nbsp;Zapatisme&nbsp;en&nbsp;15&nbsp;questions&nbsp;[<a rel=\"noreferrer noopener\" target=\"_blank\" href=\"https:\/\/www.youtube.com\/watch?v=gsBkKJ_A3fw\">1<\/a>]<br><br>LE&nbsp;ZAPATISME&nbsp;EN&nbsp;15&nbsp;QUESTIONS<br><br>&nbsp;&nbsp;&nbsp;&nbsp;*causeries&nbsp;avec&nbsp;des&nbsp;invit\u00e9s<br><br>La&nbsp;d\u00e9l\u00e9gation&nbsp;zapatiste&nbsp;ne&nbsp;sera&nbsp;pas&nbsp;encore&nbsp;arriv\u00e9e&nbsp;mais&nbsp;ce&nbsp;sera&nbsp;dans<br>tous&nbsp;les&nbsp;cas&nbsp;l&rsquo;occasion&nbsp;de&nbsp;parler&nbsp;de&nbsp;ce&nbsp;mouvement&nbsp;si&nbsp;particulier&nbsp;!&nbsp;Et&nbsp;il<br>est&nbsp;possible&nbsp;qu&rsquo;elles&nbsp;viendront&nbsp;plus&nbsp;tard&nbsp;dans&nbsp;l&rsquo;\u00e9t\u00e9,&nbsp;alors&nbsp;soyez&nbsp;aux<br>aguets&nbsp;!!&nbsp;Nous&nbsp;disons&nbsp;\u00ab&nbsp;elles&nbsp;\u00bb&nbsp;car&nbsp;elles&nbsp;seront&nbsp;une&nbsp;majorit\u00e9&nbsp;de<br>femmes.&nbsp;Le&nbsp;premier&nbsp;groupe&nbsp;est&nbsp;arriv\u00e9&nbsp;\u00e0&nbsp;Vigo&nbsp;en&nbsp;Espagne&nbsp;le&nbsp;22&nbsp;juin,&nbsp;il<br>s&rsquo;appelle&nbsp;le&nbsp;421&nbsp;car&nbsp;il&nbsp;y&nbsp;a&nbsp;4&nbsp;femmes,&nbsp;2&nbsp;hommes&nbsp;et&nbsp;1&nbsp;\u00ab&nbsp;autre&nbsp;\u00bb.<\/p>\n\n\n\n<p><strong>ATTENTION PAS DE PARKING SUR PLACE<\/strong> , MERCI DE VENIR A PIEDS, EN VELO OU DE VOUS GARER DANS LE BOURG ET DE VENIR JUSQUE LA FERME A PIEDS.S<br><br><\/p>\n","protected":false},"excerpt":{"rendered":"<p>16 Novembre 2024 F\u00eate \u00e0 la Bouvrais 16 Juillet 2024, Soir\u00e9e cont\u00e9e des Assembl\u00e9es Gal\u00e8zes La Ferme de la Bouvrais accueille les assembl\u00e9es Gal\u00e8ze et la soir\u00e9e cont\u00e9e avec Marie Chifmine 9 juillet 2021, SOIREE ZAPATISTE A LA BOUVRAIS \u00c0&nbsp;l&rsquo;occasion&nbsp;de&nbsp;l&rsquo;arriv\u00e9e&nbsp;des&nbsp;zapatistes&nbsp;sur&nbsp;le&nbsp;territoire&nbsp;europ\u00e9en,\u00e0&nbsp;l&rsquo;occasion&nbsp;de&nbsp;la&nbsp;distribution&nbsp;de&nbsp;caf\u00e9,&nbsp;\u00e0&nbsp;l&rsquo;occasion&nbsp;derencontres&#8230;&nbsp;Nous&nbsp;vous&nbsp;invitons&nbsp;\u00e0&nbsp;une&nbsp;soir\u00e9e&nbsp;autour&nbsp;du&nbsp;mouvementzapatiste&nbsp;le&nbsp;vendredi&nbsp;9&nbsp;juillet&nbsp;\u00e0&nbsp;la&nbsp;ferme&nbsp;de&nbsp;la&nbsp;Bouvrais,&nbsp;\u00e0&nbsp;Concoret. Il&nbsp;y&nbsp;aura&nbsp;de&nbsp;18h&nbsp;\u00e0&nbsp;20h&nbsp;: &nbsp;&nbsp;&nbsp;&nbsp;* LA&nbsp;distribution&nbsp;de&nbsp;caf\u00e9&nbsp;:&nbsp;rapportez&nbsp;vos&nbsp;bo\u00eetes&nbsp;vides,&nbsp;nous&nbsp;ne&nbsp;faisonspas&nbsp;de&nbsp;vente&nbsp;mais&nbsp;pour&nbsp;ceux&nbsp;qui&nbsp;ne&nbsp;connaissent&nbsp;pas&nbsp;encore,&nbsp;ce&nbsp;seral&rsquo;occasion&nbsp;de&nbsp;d\u00e9couvrir&nbsp;notre&nbsp;syst\u00e8me&nbsp;\u00ab&nbsp;anti-syst\u00e8me&nbsp;\u00bb&nbsp;!&nbsp;&nbsp;&nbsp;&nbsp;* De&nbsp;la&nbsp;lecture&nbsp;et&nbsp;des&nbsp;\u00e9coutes&nbsp;seront&nbsp;\u00e0&nbsp;disposition&nbsp;pour&nbsp;se&nbsp;renseignersur&nbsp;le&nbsp;mouvement&nbsp;&nbsp;&nbsp;&nbsp;* Une&nbsp;buvette&nbsp;et&nbsp;une&nbsp;petite&nbsp;restauration.&nbsp;Apportez&nbsp;aussi&nbsp;de&nbsp;quoigrignoter! &hellip; <\/p>\n","protected":false},"author":1,"featured_media":552,"parent":0,"menu_order":0,"comment_status":"closed","ping_status":"closed","template":"","meta":{"footnotes":""},"class_list":["post-147","page","type-page","status-publish","has-post-thumbnail","hentry"],"_links":{"self":[{"href":"https:\/\/fermedelabouvrais.herbesfolles.org\/index.php?rest_route=\/wp\/v2\/pages\/147","targetHints":{"allow":["GET"]}}],"collection":[{"href":"https:\/\/fermedelabouvrais.herbesfolles.org\/index.php?rest_route=\/wp\/v2\/pages"}],"about":[{"href":"https:\/\/fermedelabouvrais.herbesfolles.org\/index.php?rest_route=\/wp\/v2\/types\/page"}],"author":[{"embeddable":true,"href":"https:\/\/fermedelabouvrais.herbesfolles.org\/index.php?rest_route=\/wp\/v2\/users\/1"}],"replies":[{"embeddable":true,"href":"https:\/\/fermedelabouvrais.herbesfolles.org\/index.php?rest_route=%2Fwp%2Fv2%2Fcomments&post=147"}],"version-history":[{"count":3,"href":"https:\/\/fermedelabouvrais.herbesfolles.org\/index.php?rest_route=\/wp\/v2\/pages\/147\/revisions"}],"predecessor-version":[{"id":708,"href":"https:\/\/fermedelabouvrais.herbesfolles.org\/index.php?rest_route=\/wp\/v2\/pages\/147\/revisions\/708"}],"wp:featuredmedia":[{"embeddable":true,"href":"https:\/\/fermedelabouvrais.herbesfolles.org\/index.php?rest_route=\/wp\/v2\/media\/552"}],"wp:attachment":[{"href":"https:\/\/fermedelabouvrais.herbesfolles.org\/index.php?rest_route=%2Fwp%2Fv2%2Fmedia&parent=147"}],"curies":[{"name":"wp","href":"https:\/\/api.w.org\/{rel}","templated":true}]}}