{"id":148,"date":"2020-12-07T19:58:22","date_gmt":"2020-12-07T18:58:22","guid":{"rendered":"https:\/\/fermedelabouvrais.herbesfolles.org\/?page_id=148"},"modified":"2025-09-29T22:43:42","modified_gmt":"2025-09-29T20:43:42","slug":"ou-nous-trouver","status":"publish","type":"page","link":"https:\/\/fermedelabouvrais.herbesfolles.org\/?page_id=148","title":{"rendered":"O\u00f9 nous trouver?"},"content":{"rendered":"\n<p>&#8211;<strong>Le Mercredi de 16H30 \u00c0 19h30 \u00e0 la Ferme de la Bobinette (PAIMPONT) <\/strong>o\u00f9 nous tenons une vente directe commune avec notre voisin mara\u00eecher J\u00e9r\u00f4me Fatoux. Ce sera l&rsquo;occasion d&rsquo;y trouver un \u00e9tal partag\u00e9 entre les productions de nos deux fermes, mais aussi des produits de nos voisins (galettes, cidre, jus de pommes, confitures, sirops etc.), ainsi que le Caravrac. <a href=\"https:\/\/www.facebook.com\/fermelabobinette\">https:\/\/www.facebook.com\/fermelabobinette<\/a> <\/p>\n\n\n\n<div class=\"wp-block-group\"><div class=\"wp-block-group__inner-container is-layout-constrained wp-block-group-is-layout-constrained\">\n<figure class=\"wp-block-gallery has-nested-images columns-default is-cropped wp-block-gallery-1 is-layout-flex wp-block-gallery-is-layout-flex\">\n<figure class=\"wp-block-image size-large\"><img loading=\"lazy\" decoding=\"async\" width=\"2558\" height=\"2560\" data-id=\"677\" src=\"https:\/\/fermedelabouvrais.herbesfolles.org\/wp-content\/uploads\/2024\/02\/23-aout-2023-DSC09672-edited-scaled.jpg\" alt=\"\" class=\"wp-image-677\" srcset=\"https:\/\/fermedelabouvrais.herbesfolles.org\/wp-content\/uploads\/2024\/02\/23-aout-2023-DSC09672-edited-scaled.jpg 2558w, https:\/\/fermedelabouvrais.herbesfolles.org\/wp-content\/uploads\/2024\/02\/23-aout-2023-DSC09672-edited-300x300.jpg 300w, https:\/\/fermedelabouvrais.herbesfolles.org\/wp-content\/uploads\/2024\/02\/23-aout-2023-DSC09672-edited-1024x1024.jpg 1024w, https:\/\/fermedelabouvrais.herbesfolles.org\/wp-content\/uploads\/2024\/02\/23-aout-2023-DSC09672-edited-150x150.jpg 150w, https:\/\/fermedelabouvrais.herbesfolles.org\/wp-content\/uploads\/2024\/02\/23-aout-2023-DSC09672-edited-768x769.jpg 768w, https:\/\/fermedelabouvrais.herbesfolles.org\/wp-content\/uploads\/2024\/02\/23-aout-2023-DSC09672-edited-1536x1536.jpg 1536w, https:\/\/fermedelabouvrais.herbesfolles.org\/wp-content\/uploads\/2024\/02\/23-aout-2023-DSC09672-edited-2046x2048.jpg 2046w, https:\/\/fermedelabouvrais.herbesfolles.org\/wp-content\/uploads\/2024\/02\/23-aout-2023-DSC09672-edited-95x95.jpg 95w, https:\/\/fermedelabouvrais.herbesfolles.org\/wp-content\/uploads\/2024\/02\/23-aout-2023-DSC09672-edited-275x275.jpg 275w, https:\/\/fermedelabouvrais.herbesfolles.org\/wp-content\/uploads\/2024\/02\/23-aout-2023-DSC09672-edited-50x50.jpg 50w, https:\/\/fermedelabouvrais.herbesfolles.org\/wp-content\/uploads\/2024\/02\/23-aout-2023-DSC09672-edited-230x230.jpg 230w\" sizes=\"auto, (max-width: 2558px) 100vw, 2558px\" \/><\/figure>\n<\/figure>\n\n\n\n<figure class=\"wp-block-gallery has-nested-images columns-default is-cropped wp-block-gallery-2 is-layout-flex wp-block-gallery-is-layout-flex\">\n<figure class=\"wp-block-image size-large\"><img loading=\"lazy\" decoding=\"async\" width=\"1024\" height=\"683\" data-id=\"644\" src=\"https:\/\/fermedelabouvrais.herbesfolles.org\/wp-content\/uploads\/2024\/01\/23-aout-2023-DSC09669-1024x683.jpg\" alt=\"\" class=\"wp-image-644\" srcset=\"https:\/\/fermedelabouvrais.herbesfolles.org\/wp-content\/uploads\/2024\/01\/23-aout-2023-DSC09669-1024x683.jpg 1024w, https:\/\/fermedelabouvrais.herbesfolles.org\/wp-content\/uploads\/2024\/01\/23-aout-2023-DSC09669-300x200.jpg 300w, https:\/\/fermedelabouvrais.herbesfolles.org\/wp-content\/uploads\/2024\/01\/23-aout-2023-DSC09669-768x512.jpg 768w, https:\/\/fermedelabouvrais.herbesfolles.org\/wp-content\/uploads\/2024\/01\/23-aout-2023-DSC09669-1536x1024.jpg 1536w, https:\/\/fermedelabouvrais.herbesfolles.org\/wp-content\/uploads\/2024\/01\/23-aout-2023-DSC09669-2048x1365.jpg 2048w\" sizes=\"auto, (max-width: 1024px) 100vw, 1024px\" \/><\/figure>\n<\/figure>\n<\/div><\/div>\n\n\n\n<p>Tous <strong>les samedi matins de 9h \u00e0 12h30 au march\u00e9 de Josselin <\/strong>au pied de la Basilique Notre Dame du Roncier.<\/p>\n\n\n\n<p><\/p>\n\n\n\n<figure class=\"wp-block-gallery has-nested-images columns-default is-cropped wp-block-gallery-3 is-layout-flex wp-block-gallery-is-layout-flex\">\n<figure class=\"wp-block-image size-large\"><img loading=\"lazy\" decoding=\"async\" width=\"1024\" height=\"768\" data-id=\"736\" src=\"https:\/\/fermedelabouvrais.herbesfolles.org\/wp-content\/uploads\/2025\/09\/DSCF7170-1024x768.jpg\" alt=\"\" class=\"wp-image-736\" srcset=\"https:\/\/fermedelabouvrais.herbesfolles.org\/wp-content\/uploads\/2025\/09\/DSCF7170-1024x768.jpg 1024w, https:\/\/fermedelabouvrais.herbesfolles.org\/wp-content\/uploads\/2025\/09\/DSCF7170-300x225.jpg 300w, https:\/\/fermedelabouvrais.herbesfolles.org\/wp-content\/uploads\/2025\/09\/DSCF7170-768x576.jpg 768w, https:\/\/fermedelabouvrais.herbesfolles.org\/wp-content\/uploads\/2025\/09\/DSCF7170-1536x1152.jpg 1536w, https:\/\/fermedelabouvrais.herbesfolles.org\/wp-content\/uploads\/2025\/09\/DSCF7170-2048x1536.jpg 2048w\" sizes=\"auto, (max-width: 1024px) 100vw, 1024px\" \/><\/figure>\n<\/figure>\n\n\n\n<p><\/p>\n\n\n\n<p><\/p>\n","protected":false},"excerpt":{"rendered":"<p>&#8211;Le Mercredi de 16H30 \u00c0 19h30 \u00e0 la Ferme de la Bobinette (PAIMPONT) o\u00f9 nous tenons une vente directe commune avec notre voisin mara\u00eecher J\u00e9r\u00f4me Fatoux. Ce sera l&rsquo;occasion d&rsquo;y trouver un \u00e9tal partag\u00e9 entre les productions de nos deux fermes, mais aussi des produits &hellip; <\/p>\n","protected":false},"author":1,"featured_media":737,"parent":0,"menu_order":0,"comment_status":"closed","ping_status":"closed","template":"","meta":{"footnotes":""},"class_list":["post-148","page","type-page","status-publish","has-post-thumbnail","hentry"],"_links":{"self":[{"href":"https:\/\/fermedelabouvrais.herbesfolles.org\/index.php?rest_route=\/wp\/v2\/pages\/148","targetHints":{"allow":["GET"]}}],"collection":[{"href":"https:\/\/fermedelabouvrais.herbesfolles.org\/index.php?rest_route=\/wp\/v2\/pages"}],"about":[{"href":"https:\/\/fermedelabouvrais.herbesfolles.org\/index.php?rest_route=\/wp\/v2\/types\/page"}],"author":[{"embeddable":true,"href":"https:\/\/fermedelabouvrais.herbesfolles.org\/index.php?rest_route=\/wp\/v2\/users\/1"}],"replies":[{"embeddable":true,"href":"https:\/\/fermedelabouvrais.herbesfolles.org\/index.php?rest_route=%2Fwp%2Fv2%2Fcomments&post=148"}],"version-history":[{"count":12,"href":"https:\/\/fermedelabouvrais.herbesfolles.org\/index.php?rest_route=\/wp\/v2\/pages\/148\/revisions"}],"predecessor-version":[{"id":739,"href":"https:\/\/fermedelabouvrais.herbesfolles.org\/index.php?rest_route=\/wp\/v2\/pages\/148\/revisions\/739"}],"wp:featuredmedia":[{"embeddable":true,"href":"https:\/\/fermedelabouvrais.herbesfolles.org\/index.php?rest_route=\/wp\/v2\/media\/737"}],"wp:attachment":[{"href":"https:\/\/fermedelabouvrais.herbesfolles.org\/index.php?rest_route=%2Fwp%2Fv2%2Fmedia&parent=148"}],"curies":[{"name":"wp","href":"https:\/\/api.w.org\/{rel}","templated":true}]}}