{"id":20,"date":"2020-12-06T22:52:42","date_gmt":"2020-12-06T21:52:42","guid":{"rendered":"https:\/\/fermedelabouvrais.herbesfolles.org\/?page_id=20"},"modified":"2020-12-06T22:52:42","modified_gmt":"2020-12-06T21:52:42","slug":"contact","status":"publish","type":"page","link":"https:\/\/fermedelabouvrais.herbesfolles.org\/?page_id=20","title":{"rendered":"Contact"},"content":{"rendered":"\n<p>C\u2019est une page avec des informations de contact de base, comme l\u2019adresse et le num\u00e9ro de t\u00e9l\u00e9phone. Vous pouvez aussi essayer une extension pour ajouter un formulaire de contact.<\/p>\n","protected":false},"excerpt":{"rendered":"<p>C\u2019est une page avec des informations de contact de base, comme l\u2019adresse et le num\u00e9ro de t\u00e9l\u00e9phone. Vous pouvez aussi essayer une extension pour ajouter un formulaire de contact.<\/p>\n","protected":false},"author":1,"featured_media":0,"parent":0,"menu_order":0,"comment_status":"closed","ping_status":"closed","template":"","meta":{"footnotes":""},"class_list":["post-20","page","type-page","status-publish","hentry"],"_links":{"self":[{"href":"https:\/\/fermedelabouvrais.herbesfolles.org\/index.php?rest_route=\/wp\/v2\/pages\/20","targetHints":{"allow":["GET"]}}],"collection":[{"href":"https:\/\/fermedelabouvrais.herbesfolles.org\/index.php?rest_route=\/wp\/v2\/pages"}],"about":[{"href":"https:\/\/fermedelabouvrais.herbesfolles.org\/index.php?rest_route=\/wp\/v2\/types\/page"}],"author":[{"embeddable":true,"href":"https:\/\/fermedelabouvrais.herbesfolles.org\/index.php?rest_route=\/wp\/v2\/users\/1"}],"replies":[{"embeddable":true,"href":"https:\/\/fermedelabouvrais.herbesfolles.org\/index.php?rest_route=%2Fwp%2Fv2%2Fcomments&post=20"}],"version-history":[{"count":2,"href":"https:\/\/fermedelabouvrais.herbesfolles.org\/index.php?rest_route=\/wp\/v2\/pages\/20\/revisions"}],"predecessor-version":[{"id":734,"href":"https:\/\/fermedelabouvrais.herbesfolles.org\/index.php?rest_route=\/wp\/v2\/pages\/20\/revisions\/734"}],"wp:attachment":[{"href":"https:\/\/fermedelabouvrais.herbesfolles.org\/index.php?rest_route=%2Fwp%2Fv2%2Fmedia&parent=20"}],"curies":[{"name":"wp","href":"https:\/\/api.w.org\/{rel}","templated":true}]}}