{"id":240,"date":"2021-01-10T15:11:00","date_gmt":"2021-01-10T14:11:00","guid":{"rendered":"https:\/\/fermedelabouvrais.herbesfolles.org\/?page_id=240"},"modified":"2025-09-29T22:50:38","modified_gmt":"2025-09-29T20:50:38","slug":"bienvenue","status":"publish","type":"page","link":"https:\/\/fermedelabouvrais.herbesfolles.org\/","title":{"rendered":"Bienvenue"},"content":{"rendered":"\n<p>Bienvenue sur le site de la Ferme de la Bouvrais. Vous trouverez ici les informations essentielles sur notre ferme. Nous n&rsquo;utilisons pas facebook, ce site est notre seul moyen de communication sur internet. N&rsquo;h\u00e9sitez pas \u00e0 le consulter r\u00e9guli\u00e8rement pour suivre les mises \u00e0 jour.<\/p>\n","protected":false},"excerpt":{"rendered":"<p>Bienvenue sur le site de la Ferme de la Bouvrais. Vous trouverez ici les informations essentielles sur notre ferme. Nous n&rsquo;utilisons pas facebook, ce site est notre seul moyen de communication sur internet. N&rsquo;h\u00e9sitez pas \u00e0 le consulter r\u00e9guli\u00e8rement pour suivre les mises \u00e0 jour.<\/p>\n","protected":false},"author":1,"featured_media":740,"parent":0,"menu_order":0,"comment_status":"closed","ping_status":"closed","template":"","meta":{"footnotes":""},"class_list":["post-240","page","type-page","status-publish","has-post-thumbnail","hentry"],"_links":{"self":[{"href":"https:\/\/fermedelabouvrais.herbesfolles.org\/index.php?rest_route=\/wp\/v2\/pages\/240","targetHints":{"allow":["GET"]}}],"collection":[{"href":"https:\/\/fermedelabouvrais.herbesfolles.org\/index.php?rest_route=\/wp\/v2\/pages"}],"about":[{"href":"https:\/\/fermedelabouvrais.herbesfolles.org\/index.php?rest_route=\/wp\/v2\/types\/page"}],"author":[{"embeddable":true,"href":"https:\/\/fermedelabouvrais.herbesfolles.org\/index.php?rest_route=\/wp\/v2\/users\/1"}],"replies":[{"embeddable":true,"href":"https:\/\/fermedelabouvrais.herbesfolles.org\/index.php?rest_route=%2Fwp%2Fv2%2Fcomments&post=240"}],"version-history":[{"count":2,"href":"https:\/\/fermedelabouvrais.herbesfolles.org\/index.php?rest_route=\/wp\/v2\/pages\/240\/revisions"}],"predecessor-version":[{"id":292,"href":"https:\/\/fermedelabouvrais.herbesfolles.org\/index.php?rest_route=\/wp\/v2\/pages\/240\/revisions\/292"}],"wp:featuredmedia":[{"embeddable":true,"href":"https:\/\/fermedelabouvrais.herbesfolles.org\/index.php?rest_route=\/wp\/v2\/media\/740"}],"wp:attachment":[{"href":"https:\/\/fermedelabouvrais.herbesfolles.org\/index.php?rest_route=%2Fwp%2Fv2%2Fmedia&parent=240"}],"curies":[{"name":"wp","href":"https:\/\/api.w.org\/{rel}","templated":true}]}}